{"id":15682,"date":"2017-06-27T07:50:48","date_gmt":"2017-06-27T04:50:48","guid":{"rendered":"https:\/\/www.kuasteknoloji.com\/about-us\/"},"modified":"2022-06-08T16:41:42","modified_gmt":"2022-06-08T13:41:42","slug":"uber-uns","status":"publish","type":"page","link":"https:\/\/www.kuasteknoloji.com\/de\/uber-uns\/","title":{"rendered":"\u00dcber KUAS Technology"},"content":{"rendered":"<div class=\"wpb-content-wrapper\"><p>[vc_row full_width=&#8220;stretch_row&#8220; css=&#8220;.vc_custom_1618574382044{padding-top: 15vh !important;padding-bottom: 18vh !important;background-image: url(https:\/\/www.kuasteknoloji.com\/wp-content\/uploads\/2021\/04\/kuas-sirket-header.jpg?id=9666) !important;background-position: center !important;background-repeat: no-repeat !important;background-size: cover !important;}&#8220; mobile_bg_img_hidden=&#8220;no&#8220; tablet_bg_img_hidden=&#8220;no&#8220; woodmart_parallax=&#8220;0&#8243; woodmart_gradient_switch=&#8220;no&#8220; row_reverse_mobile=&#8220;0&#8243; row_reverse_tablet=&#8220;0&#8243; woodmart_disable_overflow=&#8220;0&#8243;][vc_column]\t\t\n\t\t<div id=\"wd-62a0a42acb969\" class=\"title-wrapper  woodmart-title-color-white woodmart-title-style-default woodmart-title-width-60 text-center woodmart-title-size-extra-large \">\n\t\t\t\t\t\t\n\t\t\t<div class=\"liner-continer\">\n\t\t\t\t<span class=\"left-line\"><\/span>\n\t\t\t\t<h4 class=\"woodmart-title-container title  woodmart-font-weight-\" >\u00dcber KUAS Technology<\/h4>\t\t\t\t\t\t\t\t<span class=\"right-line\"><\/span>\n\t\t\t<\/div>\n\t\t\t\n\t\t\t\t\t\t\n\t\t\t\t\t<\/div>\n\t\t\n\t\t[\/vc_column][\/vc_row][vc_row full_width=&#8220;stretch_row&#8220; equal_height=&#8220;yes&#8220; content_placement=&#8220;middle&#8220; woodmart_bg_position=&#8220;center-bottom&#8220; row_reverse_mobile=&#8220;1&#8243; row_reverse_tablet=&#8220;1&#8243; css=&#8220;.vc_custom_1613826203815{margin-top: 80px !important;background-position: 0 0 !important;background-repeat: no-repeat !important;}&#8220; el_class=&#8220;tablet-bg-img-hidden&#8220; mobile_bg_img_hidden=&#8220;no&#8220; tablet_bg_img_hidden=&#8220;no&#8220; woodmart_parallax=&#8220;0&#8243; woodmart_gradient_switch=&#8220;no&#8220; woodmart_disable_overflow=&#8220;0&#8243;][vc_column css=&#8220;.vc_custom_1533223412131{padding-top: 0px !important;}&#8220; offset=&#8220;vc_col-lg-6 vc_col-md-6 vc_col-xs-12&#8243;][vc_single_image image=&#8220;7475&#8243; img_size=&#8220;full&#8220; css=&#8220;.vc_custom_1613748493836{margin-bottom: -1px !important;padding-top: 0px !important;}&#8220; parallax_scroll=&#8220;no&#8220;][\/vc_column][vc_column css=&#8220;.vc_custom_1613980945266{padding-top: 0px !important;}&#8220; offset=&#8220;vc_col-lg-6 vc_col-md-6 vc_col-xs-12&#8243; mobile_bg_img_hidden=&#8220;no&#8220; tablet_bg_img_hidden=&#8220;no&#8220; woodmart_parallax=&#8220;0&#8243; woodmart_sticky_column=&#8220;false&#8220; parallax_scroll=&#8220;no&#8220; mobile_reset_margin=&#8220;no&#8220; tablet_reset_margin=&#8220;no&#8220;]\t\n\t\t\t<div id=\"wd-62a0a621e482a\" class=\"woodmart-text-block-wrapper color-scheme-dark woodmart-title-size-custom woodmart-title-width-100 text-left vc_custom_1654695463272\">\n\t\t\t\t<div class=\"woodmart-title-container woodmart-text-block font-primary woodmart-font-weight-\">\n\t\t\t\t\t\u00dcber Uns\t\t\t\t<\/div>\n\t\t\t\t\t\n\t\t\t<\/div>\n\t\t\t\n\t\t\t<div id=\"wd-62a0a62a37014\" class=\"woodmart-text-block-wrapper color-scheme-dark woodmart-title-size-custom woodmart-title-width-100 text-left vc_custom_1654695475893\">\n\t\t\t\t<div class=\"woodmart-title-container woodmart-text-block font-primary woodmart-font-weight-\">\n\t\t\t\t\t<span style=\"color: #ff6600;\"><em>Kuas Technologien<\/em><\/span>\t\t\t\t<\/div>\n\t\t\t\t\t\n\t\t\t<\/div>\n\t\t\t\n\t\t\t<div id=\"wd-62a0a63c5c047\" class=\"woodmart-text-block-wrapper color-scheme- woodmart-title-size-custom woodmart-title-width-100 text-left \">\n\t\t\t\t<div class=\"woodmart-title-container woodmart-text-block font-text woodmart-font-weight-\">\n\t\t\t\t\tNachdem wir auf unserer Reise, die wir 2011 als Kuas Family begonnen haben, zum europ\u00e4ischen Marktf\u00fchrer in diesem Sektor geworden sind, sind wir als Kuas gl\u00fccklich und stolz, unsere Heizger\u00e4te auf dem t\u00fcrkischen Markt zu pr\u00e4sentieren.<\/p>\n<p>Kuas Technology hat sich mit dem Grundsatz, den Kunden den besten Nutzen, die beste Einsparung und gesundes Heizen zu bieten und dabei Heizsysteme zu produzieren, die auf die effizienteste Weise mit sauberer Energie gespeist werden, seinen Platz auf diesem anspruchsvollen Markt auf die beste Art und Weise gesichert, indem es seine Zuverl\u00e4ssigkeit und Standards \u00fcber den europ\u00e4ischen Normen h\u00e4lt.<\/p>\n<p>Es heizt wie die Sonne. Es ist ein System, das mit Elektrizit\u00e4t funktioniert. Es ist besonders f\u00fcr \u00e4ltere Menschen und Babys geeignet. Es schadet den Augen \u00fcberhaupt nicht. Vor allem w\u00e4rmt es die Menschen. Es verursacht keine Muskel- und R\u00fcckenschmerzen. Er w\u00e4rmt mit Licht und verursacht keine Kopfschmerzen, weil er keinen Sauerstoff verbraucht. Sie ist kosteng\u00fcnstig und spart im Vergleich zu anderen Heizsystemen viel Energie. Dank seiner W\u00e4rmesteuerung ( Smart Thermostat ) heizt er, ohne Ihr Vergn\u00fcgen zu st\u00f6ren. Wenn gew\u00fcnscht, bietet es lokale Heizung f\u00fcr gro\u00dfe Fl\u00e4chen, vor allem an Orten, die schwer zu heizen sind. Er heizt auch bei sehr kaltem Wetter, verbrennt nicht die Partikel in der Luft. Er ist ideal f\u00fcr Orte, die st\u00e4ndig ge\u00f6ffnet und geschlossen werden, da er verhindert, dass die W\u00e4rme wegfliegt. Er eignet sich f\u00fcr R\u00e4ume, die in kurzer Zeit beheizt werden m\u00fcssen. Er kann an der Decke oder an der Wand montiert werden. Er kann bei einem Ortswechsel leicht mitgenommen werden.\t\t\t\t<\/div>\n\t\t\t\t\t\n\t\t\t<\/div>\n\t\t[\/vc_column][\/vc_row][vc_row full_width=&#8220;stretch_row&#8220; woodmart_disable_overflow=&#8220;1&#8243; css=&#8220;.vc_custom_1613981005809{margin-top: 50px !important;margin-bottom: -60px !important;border-right-width: 15px !important;border-left-width: 15px !important;padding-bottom: 7vh !important;background-image: url(https:\/\/www.kuasteknoloji.com\/wp-content\/uploads\/2021\/02\/easy-link-bg.jpg?id=7194) !important;border-left-color: #ffffff !important;border-left-style: solid !important;border-right-color: #ffffff !important;border-right-style: solid !important;}&#8220; mobile_bg_img_hidden=&#8220;no&#8220; tablet_bg_img_hidden=&#8220;no&#8220; woodmart_parallax=&#8220;0&#8243; woodmart_gradient_switch=&#8220;no&#8220; row_reverse_mobile=&#8220;0&#8243; row_reverse_tablet=&#8220;0&#8243;][vc_column css=&#8220;.vc_custom_1533295554518{margin-bottom: 0px !important;padding-top: 0px !important;background-position: center !important;background-repeat: no-repeat !important;background-size: contain !important;}&#8220;][vc_row_inner css=&#8220;.vc_custom_1533295652294{padding-top: 2vh !important;background-position: center !important;background-repeat: no-repeat !important;background-size: cover !important;}&#8220;][vc_column_inner css=&#8220;.vc_custom_1613980894825{margin-bottom: 4vh !important;padding-top: 0px !important;}&#8220; offset=&#8220;vc_col-lg-4 vc_col-md-4&#8243;]\t\t\t<div class=\"info-box-wrapper \">\n\t\t\t\t<div id=\"wd-62a0a64447a5c\" class=\" cursor-pointer woodmart-info-box text-left box-icon-align-left box-style- color-scheme-light woodmart-bg-none box-title-large vc_custom_1654695508038\"  >\n\t\t\t\t\t\t\t\t\t\t\t<div class=\"box-icon-wrapper  box-with-text text-size-default box-icon-simple\">\n\t\t\t\t\t\t\t<div class=\"info-box-icon\">\n\n\t\t\t\t\t\t\t\t\t\t\t\t\t\t\t1.\t\t\t\t\t\t\t\n\t\t\t\t\t\t\t<\/div>\n\t\t\t\t\t\t<\/div>\n\t\t\t\t\t\t\t\t\t\t<div class=\"info-box-content\">\n\t\t\t\t\t\t<h4 class=\"info-box-title woodmart-font-weight- box-title-style-default\">Qualit\u00e4t<\/h4>\t\t\t\t\t\t<div class=\"info-box-inner reset-mb-10\">\n\t\t\t\t\t\t\t<p>Technologische Produkte haben viele Gr\u00fcnde f\u00fcr ihre Pr\u00e4ferenz; Wir k\u00f6nnen viele Gr\u00fcnde aufz\u00e4hlen, z. B. weil sie erschwinglich, stilvoll gestaltet, ergonomisch, wirtschaftlich, benutzerfreundlich, naturfreundlich, gesund und sicher sind.<\/p>\n<p>Die wichtigsten sind jedoch der hohe Nutzen, die niedrigen Nutzungskosten und die langfristige Nutzung. Die wartungsfreie, dauerhafte Struktur und die zufriedenstellende Nutzungserfahrung des Produkts, die durch die Ber\u00fccksichtigung der Qualit\u00e4tsstandards erreicht wird, beginnt mit dem Verst\u00e4ndnis von Qualit\u00e4tsservice, der darauf abzielt, das Produkt von der Qualit\u00e4tsproduktion zum Endnutzer zu bringen.<\/p>\n<p>Hinter der Schaffung eines Produkts mit diesen Eigenschaften steht eine innovative Forschungs- und Entwicklungsarbeit in direktem Verh\u00e4ltnis zu den Bed\u00fcrfnissen der Endverbraucher, viel M\u00fche, Schwei\u00df, Geduld, gl\u00fcckliche Mitarbeiter, die ihren Job lieben, und eine Institution, die ihre Mitarbeiter und die Umwelt wertsch\u00e4tzt, um diese Studien an den K\u00f6rper zu bringen. Wir handeln nach dem Prinzip, dass die Arbeit nach diesem Prinzip die gr\u00f6\u00dfte Investition f\u00fcr die Menschheit und f\u00fcr unsere gemeinsame Zukunft ist.<\/p>\n\t\t\t\t\t\t<\/div>\n\n\t\t\t\t\t\t\t\t\t\t\t\t\n\t\t\t\t\t<\/div>\n\n\t\t\t\t\t<style><\/style>\t\t\t\t<\/div>\n\t\t\t<\/div>\n\t\t[\/vc_column_inner][vc_column_inner css=&#8220;.vc_custom_1613980904046{margin-bottom: 4vh !important;padding-top: 0px !important;}&#8220; offset=&#8220;vc_col-lg-4 vc_col-md-4&#8243;]\t\t\t<div class=\"info-box-wrapper \">\n\t\t\t\t<div id=\"wd-62a0a656826dd\" class=\" cursor-pointer woodmart-info-box text-left box-icon-align-left box-style- color-scheme-light woodmart-bg-none box-title-large vc_custom_1654695522297\"  >\n\t\t\t\t\t\t\t\t\t\t\t<div class=\"box-icon-wrapper  box-with-text text-size-default box-icon-simple\">\n\t\t\t\t\t\t\t<div class=\"info-box-icon\">\n\n\t\t\t\t\t\t\t\t\t\t\t\t\t\t\t2.\t\t\t\t\t\t\t\n\t\t\t\t\t\t\t<\/div>\n\t\t\t\t\t\t<\/div>\n\t\t\t\t\t\t\t\t\t\t<div class=\"info-box-content\">\n\t\t\t\t\t\t<h4 class=\"info-box-title woodmart-font-weight- box-title-style-default\">Technologie<\/h4>\t\t\t\t\t\t<div class=\"info-box-inner reset-mb-10\">\n\t\t\t\t\t\t\t<p>Von der Vergangenheit bis zur Gegenwart haben sich die Menschen immer bem\u00fcht, etwas durch Ausprobieren zu entdecken (Methode von Versuch und Irrtum). Wenn wir \u00fcber Technologie sprechen, variiert das, was uns in den Sinn kommt, je nach unseren Bed\u00fcrfnissen und Interessen. Computer, Telefon, Raumfahrt und vielleicht noch andere technologische Hilfsmittel, die uns das Leben in unseren Lebensr\u00e4umen erleichtern, Technologie ist die Nutzung wissenschaftlicher Erkenntnisse f\u00fcr praktische Zwecke oder Anwendungen in der Industrie oder in unserem t\u00e4glichen Leben.<\/p>\n\t\t\t\t\t\t<\/div>\n\n\t\t\t\t\t\t\t\t\t\t\t\t\n\t\t\t\t\t<\/div>\n\n\t\t\t\t\t<style><\/style>\t\t\t\t<\/div>\n\t\t\t<\/div>\n\t\t[\/vc_column_inner][vc_column_inner css=&#8220;.vc_custom_1535097376175{margin-bottom: 4vh !important;padding-top: 0px !important;}&#8220; offset=&#8220;vc_col-lg-4 vc_col-md-4&#8243;]\t\t\t<div class=\"info-box-wrapper \">\n\t\t\t\t<div id=\"wd-62a0a664781ac\" class=\" cursor-pointer woodmart-info-box text-left box-icon-align-left box-style- color-scheme-light woodmart-bg-none box-title-large vc_custom_1654695537436\"  >\n\t\t\t\t\t\t\t\t\t\t\t<div class=\"box-icon-wrapper  box-with-text text-size-default box-icon-simple\">\n\t\t\t\t\t\t\t<div class=\"info-box-icon\">\n\n\t\t\t\t\t\t\t\t\t\t\t\t\t\t\t3.\t\t\t\t\t\t\t\n\t\t\t\t\t\t\t<\/div>\n\t\t\t\t\t\t<\/div>\n\t\t\t\t\t\t\t\t\t\t<div class=\"info-box-content\">\n\t\t\t\t\t\t<h4 class=\"info-box-title woodmart-font-weight- box-title-style-default\">Innovation<\/h4>\t\t\t\t\t\t<div class=\"info-box-inner reset-mb-10\">\n\t\t\t\t\t\t\t<p>Unsere Motivation, Produkte herzustellen, die den Lebensstandard durch den Einsatz innovativer Technologien auf die n\u00e4chste Stufe heben, begann mit dem &#8222;Hybridboard&#8220;, das wir der Welt durch die Realisierung seiner Innovation vorstellten und das in Europa gro\u00dfen Eindruck hinterlie\u00df, nimmt heute weiter zu, um k\u00fcnftigen Generationen eine saubere Umwelt zu hinterlassen.<\/p>\n<p>&nbsp;<\/p>\n<p>Wir bieten der Heizungsbranche mit innovativen Produkten &#8222;mehr als nur eine Heizung&#8220; und bringen unseren \u00fcberragenden Erfolg in Europa und unsere innovative Produktpalette in die T\u00fcrkei.<\/p>\n\t\t\t\t\t\t<\/div>\n\n\t\t\t\t\t\t\t\t\t\t\t\t\n\t\t\t\t\t<\/div>\n\n\t\t\t\t\t<style><\/style>\t\t\t\t<\/div>\n\t\t\t<\/div>\n\t\t[\/vc_column_inner][\/vc_row_inner][\/vc_column][\/vc_row][vc_section content_placement=&#8220;top&#8220; css=&#8220;.vc_custom_1612433418371{margin-top: -100px !important;padding-top: 50px !important;padding-right: 5% !important;padding-left: 5% !important;background-color: #ffffff !important;}&#8220; el_class=&#8220;position-relative z-index-h&#8220; mobile_bg_img_hidden=&#8220;no&#8220; tablet_bg_img_hidden=&#8220;no&#8220; woodmart_parallax=&#8220;0&#8243; woodmart_gradient_switch=&#8220;no&#8220; woodmart_disable_overflow=&#8220;0&#8243;][vc_row][vc_column]\t\t\n\t\t<div id=\"wd-62a0a675d74ea\" class=\"title-wrapper  woodmart-title-color-default woodmart-title-style-default woodmart-title-width-100 text-center woodmart-title-size-large \">\n\t\t\t\t\t\t\t<div class=\"title-subtitle  font-default subtitle-style-default woodmart-font-weight-500\">WIR<\/div>\n\t\t\t\t\t\t\n\t\t\t<div class=\"liner-continer\">\n\t\t\t\t<span class=\"left-line\"><\/span>\n\t\t\t\t<h4 class=\"woodmart-title-container title  woodmart-font-weight-600\" >SIND EINE GROSSE FAMILIE<\/h4>\t\t\t\t\t\t\t\t<span class=\"right-line\"><\/span>\n\t\t\t<\/div>\n\t\t\t\n\t\t\t\t\t\t\n\t\t\t\t\t<\/div>\n\t\t\n\t\t[\/vc_column][\/vc_row][vc_row css=&#8220;.vc_custom_1490350549168{margin-bottom: 5vh !important;}&#8220;][vc_column width=&#8220;1\/5&#8243; offset=&#8220;vc_col-lg-1\/5 vc_col-md-1\/5&#8243; mobile_bg_img_hidden=&#8220;no&#8220; tablet_bg_img_hidden=&#8220;no&#8220; woodmart_parallax=&#8220;0&#8243; woodmart_sticky_column=&#8220;false&#8220; parallax_scroll=&#8220;no&#8220; mobile_reset_margin=&#8220;no&#8220; tablet_reset_margin=&#8220;no&#8220;]<div class=\"team-member text-center  member-layout-hover color-scheme-light\"><div class=\"member-image-wrapper\"><div class=\"member-image\"><img decoding=\"async\" class=\"team-member-avatar-image \" src=\"https:\/\/www.kuasteknoloji.com\/wp-content\/uploads\/2021\/02\/cansunkuas.png\" width=\"200\" height=\"280\" alt=\"cansunkuas\" title=\"cansunkuas\" loading=\"lazy\" \/><\/div><\/div><div class=\"member-details\"><h4 class=\"member-name\">Cansun KUAS<\/h4><div class=\"member-bio\"><\/div><\/div><\/div><div class=\"team-member text-center  member-layout-hover color-scheme-light\"><div class=\"member-image-wrapper\"><div class=\"member-image\"><img decoding=\"async\" class=\"team-member-avatar-image \" src=\"https:\/\/www.kuasteknoloji.com\/wp-content\/uploads\/2021\/02\/ayferarda.png\" width=\"200\" height=\"280\" alt=\"ayferarda\" title=\"ayferarda\" loading=\"lazy\" \/><\/div><\/div><div class=\"member-details\"><h4 class=\"member-name\">Ayfer ARDA<\/h4><span class=\"member-position\">Vertrieb &amp; Marketing im Ausland<\/span><div class=\"member-bio\"><\/div><\/div><\/div>[\/vc_column][vc_column width=&#8220;1\/5&#8243; offset=&#8220;vc_col-lg-1\/5 vc_col-md-1\/5&#8243; mobile_bg_img_hidden=&#8220;no&#8220; tablet_bg_img_hidden=&#8220;no&#8220; woodmart_parallax=&#8220;0&#8243; woodmart_sticky_column=&#8220;false&#8220; parallax_scroll=&#8220;no&#8220; mobile_reset_margin=&#8220;no&#8220; tablet_reset_margin=&#8220;no&#8220;]<div class=\"team-member text-center  member-layout-hover color-scheme-light\"><div class=\"member-image-wrapper\"><div class=\"member-image\"><img decoding=\"async\" class=\"team-member-avatar-image \" src=\"https:\/\/www.kuasteknoloji.com\/wp-content\/uploads\/2021\/02\/ozankuas.png\" width=\"200\" height=\"280\" alt=\"ozankuas\" title=\"ozankuas\" loading=\"lazy\" \/><\/div><\/div><div class=\"member-details\"><h4 class=\"member-name\">Ozan KUAS<\/h4><div class=\"member-bio\"><\/div><\/div><\/div><div class=\"team-member text-center  member-layout-hover color-scheme-light\"><div class=\"member-image-wrapper\"><div class=\"member-image\"><img decoding=\"async\" class=\"team-member-avatar-image \" src=\"https:\/\/www.kuasteknoloji.com\/wp-content\/uploads\/2021\/02\/armagan.png\" width=\"200\" height=\"280\" alt=\"armagan\" title=\"armagan\" loading=\"lazy\" \/><\/div><\/div><div class=\"member-details\"><h4 class=\"member-name\">Arma\u011fan YARAT<\/h4><span class=\"member-position\">Architekt<\/span><div class=\"member-bio\"><\/div><\/div><\/div>[\/vc_column][vc_column width=&#8220;1\/5&#8243; offset=&#8220;vc_col-lg-1\/5 vc_col-md-1\/5&#8243; mobile_bg_img_hidden=&#8220;no&#8220; tablet_bg_img_hidden=&#8220;no&#8220; woodmart_parallax=&#8220;0&#8243; woodmart_sticky_column=&#8220;false&#8220; parallax_scroll=&#8220;no&#8220; mobile_reset_margin=&#8220;no&#8220; tablet_reset_margin=&#8220;no&#8220;]<div class=\"team-member text-center  member-layout-hover color-scheme-light\"><div class=\"member-image-wrapper\"><div class=\"member-image\"><img decoding=\"async\" class=\"team-member-avatar-image \" src=\"https:\/\/www.kuasteknoloji.com\/wp-content\/uploads\/2021\/02\/belmacivelek.png\" width=\"200\" height=\"280\" alt=\"belmacivelek\" title=\"belmacivelek\" loading=\"lazy\" \/><\/div><\/div><div class=\"member-details\"><h4 class=\"member-name\">Belma C\u0130VELEK<\/h4><span class=\"member-position\">Finanzen<\/span><div class=\"member-bio\"><\/div><\/div><\/div><div class=\"team-member text-center  member-layout-hover color-scheme-light\"><div class=\"member-image-wrapper\"><div class=\"member-image\"><img decoding=\"async\" class=\"team-member-avatar-image \" src=\"https:\/\/www.kuasteknoloji.com\/wp-content\/uploads\/2021\/02\/ozandemircigil.png\" width=\"200\" height=\"280\" alt=\"ozandemircigil\" title=\"ozandemircigil\" loading=\"lazy\" \/><\/div><\/div><div class=\"member-details\"><h4 class=\"member-name\">Ozan DEM\u0130RC\u0130G\u0130L<\/h4><span class=\"member-position\">Einkaufsleiter<\/span><div class=\"member-bio\"><\/div><\/div><\/div>[\/vc_column][vc_column width=&#8220;1\/5&#8243; offset=&#8220;vc_col-lg-1\/5 vc_col-md-1\/5&#8243; mobile_bg_img_hidden=&#8220;no&#8220; tablet_bg_img_hidden=&#8220;no&#8220; woodmart_parallax=&#8220;0&#8243; woodmart_sticky_column=&#8220;false&#8220; parallax_scroll=&#8220;no&#8220; mobile_reset_margin=&#8220;no&#8220; tablet_reset_margin=&#8220;no&#8220;]<div class=\"team-member text-center  member-layout-hover color-scheme-light\"><div class=\"member-image-wrapper\"><div class=\"member-image\"><img decoding=\"async\" class=\"team-member-avatar-image \" src=\"https:\/\/www.kuasteknoloji.com\/wp-content\/uploads\/2021\/02\/fehmiaydin.png\" width=\"200\" height=\"280\" alt=\"fehmiaydin\" title=\"fehmiaydin\" loading=\"lazy\" \/><\/div><\/div><div class=\"member-details\"><h4 class=\"member-name\">Fehmi AYDIN<\/h4><span class=\"member-position\">Informationsverarbeitung und allgemeine Koordinierung<\/span><div class=\"member-bio\"><\/div><\/div><\/div><div class=\"team-member text-center  member-layout-hover color-scheme-light\"><div class=\"member-image-wrapper\"><div class=\"member-image\"><img decoding=\"async\" class=\"team-member-avatar-image \" src=\"https:\/\/www.kuasteknoloji.com\/wp-content\/uploads\/2021\/02\/mervani.png\" width=\"200\" height=\"280\" alt=\"mervani\" title=\"mervani\" loading=\"lazy\" \/><\/div><\/div><div class=\"member-details\"><h4 class=\"member-name\">Mervani ATA\u015e<\/h4><span class=\"member-position\">Inl\u00e4ndischer Vertrieb und Marketing<\/span><div class=\"member-bio\"><\/div><\/div><\/div>[\/vc_column][vc_column width=&#8220;1\/5&#8243;]<div class=\"team-member text-center  member-layout-hover color-scheme-light\"><div class=\"member-image-wrapper\"><div class=\"member-image\"><img decoding=\"async\" class=\"team-member-avatar-image \" src=\"https:\/\/www.kuasteknoloji.com\/wp-content\/uploads\/2021\/02\/havva.png\" width=\"200\" height=\"280\" alt=\"havva\" title=\"havva\" loading=\"lazy\" \/><\/div><\/div><div class=\"member-details\"><h4 class=\"member-name\">Havva \u00dcLK\u00dcC\u00dc<\/h4><span class=\"member-position\">Leiterin Produktion<\/span><div class=\"member-bio\"><\/div><\/div><\/div><div class=\"team-member text-center  member-layout-hover color-scheme-light\"><div class=\"member-image-wrapper\"><div class=\"member-image\"><img decoding=\"async\" class=\"team-member-avatar-image \" src=\"https:\/\/www.kuasteknoloji.com\/wp-content\/uploads\/2021\/02\/gorkemkondal.png\" width=\"200\" height=\"280\" alt=\"gorkemkondal\" title=\"gorkemkondal\" loading=\"lazy\" \/><\/div><\/div><div class=\"member-details\"><h4 class=\"member-name\">G\u00f6rkem KONDAL<\/h4><span class=\"member-position\">Buchhaltung<\/span><div class=\"member-bio\"><\/div><\/div><\/div>[\/vc_column][\/vc_row][\/vc_section][vc_row][vc_column width=&#8220;1\/2&#8243;][vc_single_image image=&#8220;8665&#8243; img_size=&#8220;large&#8220; onclick=&#8220;link_image&#8220; parallax_scroll=&#8220;no&#8220;][\/vc_column][vc_column width=&#8220;1\/2&#8243;][vc_single_image image=&#8220;8691&#8243; img_size=&#8220;large&#8220; onclick=&#8220;link_image&#8220; parallax_scroll=&#8220;no&#8220;][\/vc_column][\/vc_row]<\/p>\n<\/div>","protected":false},"excerpt":{"rendered":"<p>[vc_row full_width=&#8220;stretch_row&#8220; css=&#8220;.vc_custom_1618574382044{padding-top: 15vh !important;padding-bottom: 18vh !important;background-image: url(https:\/\/www.kuasteknoloji.com\/wp-content\/uploads\/2021\/04\/kuas-sirket-header.jpg?id=9666) !important;background-position: center !important;background-repeat: no-repeat !important;background-size: cover !important;}&#8220; mobile_bg_img_hidden=&#8220;no&#8220; tablet_bg_img_hidden=&#8220;no&#8220; woodmart_parallax=&#8220;0&#8243; woodmart_gradient_switch=&#8220;no&#8220; row_reverse_mobile=&#8220;0&#8243;<\/p>\n","protected":false},"author":1,"featured_media":0,"parent":0,"menu_order":0,"comment_status":"closed","ping_status":"closed","template":"","meta":{"footnotes":""},"_links":{"self":[{"href":"https:\/\/www.kuasteknoloji.com\/de\/wp-json\/wp\/v2\/pages\/15682"}],"collection":[{"href":"https:\/\/www.kuasteknoloji.com\/de\/wp-json\/wp\/v2\/pages"}],"about":[{"href":"https:\/\/www.kuasteknoloji.com\/de\/wp-json\/wp\/v2\/types\/page"}],"author":[{"embeddable":true,"href":"https:\/\/www.kuasteknoloji.com\/de\/wp-json\/wp\/v2\/users\/1"}],"replies":[{"embeddable":true,"href":"https:\/\/www.kuasteknoloji.com\/de\/wp-json\/wp\/v2\/comments?post=15682"}],"version-history":[{"count":0,"href":"https:\/\/www.kuasteknoloji.com\/de\/wp-json\/wp\/v2\/pages\/15682\/revisions"}],"wp:attachment":[{"href":"https:\/\/www.kuasteknoloji.com\/de\/wp-json\/wp\/v2\/media?parent=15682"}],"curies":[{"name":"wp","href":"https:\/\/api.w.org\/{rel}","templated":true}]}}