{"id":16588,"date":"2021-04-14T11:18:39","date_gmt":"2021-04-14T08:18:39","guid":{"rendered":"https:\/\/www.kuasteknoloji.com\/?page_id=16588"},"modified":"2022-10-02T13:19:54","modified_gmt":"2022-10-02T10:19:54","slug":"willkommen-in-der-innovativen-heizungswelt-von-kuas","status":"publish","type":"page","link":"https:\/\/www.kuasteknoloji.com\/de\/willkommen-in-der-innovativen-heizungswelt-von-kuas\/","title":{"rendered":"Willkommen in der \u0130nnovativen Heizungswelt Von Kuas"},"content":{"rendered":"<div class=\"wpb-content-wrapper\"><p>[vc_row][vc_column]\t\n\t\t\t<div id=\"wd-633965249e363\" class=\"woodmart-text-block-wrapper color-scheme- woodmart-title-size-custom woodmart-title-width-100 text-left \">\n\t\t\t\t<div class=\"woodmart-title-container woodmart-text-block font-primary woodmart-font-weight-\">\n\t\t\t\t\tAls Kuas sind wir mit unseren Heizger\u00e4ten der neuen Generation weltweit f\u00fchrend in der Branche und setzen den Weg fort, den wir 2011 in Europa in der T\u00fcrkei begonnen haben. In der T\u00fcrkei haben wir uns wie in Europa einen Platz auf dem Markt erobert, indem wir mit unseren erneuerbaren Energien und umweltfreundlichen Produkten hohe Standards f\u00fcr Zuverl\u00e4ssigkeit und Qualit\u00e4t geschaffen haben. Unser Ziel war es, den Verbrauchern mit unseren auf erneuerbaren Energien basierenden, sparsamen und gesunden Produkten die effizienteste Nutzung eines gesunden Heizsystems zu erm\u00f6glichen.<\/p>\n<p>Im Gegensatz zu herk\u00f6mmlichen Heizsystemen wie Klimaanlagen und Erdgaskonvektoren sorgen unsere mit der Infrarot- und Dunkelinfrarot-Technologie der neuen Generation entwickelten Heizsysteme f\u00fcr sparsames Heizen, ohne der Natur zu schaden. Da die Infrarottechnologie die Luft nicht direkt erw\u00e4rmt, kann das Licht der Heizungen ohne Energieverlust durch die Luft wandern. Im Moment des Kontakts mit der Oberfl\u00e4che wird es von der Oberfl\u00e4che gehalten und somit wird die im Licht enthaltene Energie auf die Oberfl\u00e4che \u00fcbertragen. Kontaktfl\u00e4chen treten zun\u00e4chst in Form von Stoffwechselvorg\u00e4ngen wie dem menschlichen K\u00f6rper oder anderen Lebewesen auf, und dann anderen Objekten in der Umgebung wie Tischen und St\u00fchlen. Mit zunehmender Temperatur an den Oberfl\u00e4chen beginnt sich die Luft zu erw\u00e4rmen, sodass sich nach einiger Zeit ein thermisches Gleichgewicht in der Umgebung einstellt. Die Dark Infrared Technology hingegen sch\u00fctzt die Umwelt vor sch\u00e4dlichen Strahlen, indem sie die vorteilhaftesten Strahlen im Strahlbereich der Sonne ausw\u00e4hlt.<\/p>\n<p><img loading=\"lazy\" decoding=\"async\" class=\"aligncenter wp-image-9758 size-full\" src=\"https:\/\/www.kuasteknoloji.com\/wp-content\/uploads\/2021\/04\/kuas-devemi-blog-arasi.jpg\" alt=\"\" width=\"1000\" height=\"529\" srcset=\"https:\/\/www.kuasteknoloji.com\/wp-content\/uploads\/2021\/04\/kuas-devemi-blog-arasi.jpg 1000w, https:\/\/www.kuasteknoloji.com\/wp-content\/uploads\/2021\/04\/kuas-devemi-blog-arasi-300x159.jpg 300w, https:\/\/www.kuasteknoloji.com\/wp-content\/uploads\/2021\/04\/kuas-devemi-blog-arasi-768x406.jpg 768w\" sizes=\"(max-width: 1000px) 100vw, 1000px\" \/><\/p>\n<p>Unsere Heizungen, die mit ihrer Hybrid-Technologie sicheres, gesundes und wirtschaftliches Heizen revolutionieren, erw\u00e4rmen die kalte Luft und geben sie mit dem Luftdurchgangsauslass zwischen den Lamellen an die Umgebung ab. Diese Luftzirkulation mit sauberer Energie wirkt sich auf die Durchschnittstemperatur des Raums aus und sorgt f\u00fcr W\u00e4rme wie bei herk\u00f6mmlichen Heizsystemen. Der Unterschied zu herk\u00f6mmlichen Heizsystemen besteht darin, dass die W\u00e4rme, die beim Dark Infrared-Prinzip an die Umgebung abgegeben wird, zun\u00e4chst gesund auf den Stoffwechsel und die Gegenst\u00e4nde einwirkt und dann die Gesamttemperatur der Umgebung festlegt. Der gr\u00f6\u00dfte Vorteil unseres Heizsystems der neuen Generation besteht darin, dass es mit einer einzigen Energiequelle die Wirkung zweier unterschiedlicher Energiequellen in der Umwelt bereitstellt.<\/p>\n<p>Obwohl es 30 % weniger Energie verbraucht als hochsparende Heizger\u00e4te, ist es aufgrund seiner Empfindlichkeit gegen\u00fcber Atemwegserkrankungen wie Bronchitis und Asthma zu einem von \u00c4rzten in Europa empfohlenen System geworden. Die Dark Infrared-Technologie ist ein W\u00e4rmesystem, das sich positiv auf den Stoffwechsel auswirkt und sowohl Ihrer Gesundheit als auch Ihrer Natur und Ihrem Budget zugute kommt.\t\t\t\t<\/div>\n\t\t\t\t\t\n\t\t\t<\/div>\n\t\t[\/vc_column][\/vc_row]<\/p>\n<\/div>","protected":false},"excerpt":{"rendered":"<p>[vc_row][vc_column][\/vc_column][\/vc_row]<\/p>\n","protected":false},"author":2,"featured_media":0,"parent":0,"menu_order":0,"comment_status":"closed","ping_status":"closed","template":"","meta":{"footnotes":""},"_links":{"self":[{"href":"https:\/\/www.kuasteknoloji.com\/de\/wp-json\/wp\/v2\/pages\/16588"}],"collection":[{"href":"https:\/\/www.kuasteknoloji.com\/de\/wp-json\/wp\/v2\/pages"}],"about":[{"href":"https:\/\/www.kuasteknoloji.com\/de\/wp-json\/wp\/v2\/types\/page"}],"author":[{"embeddable":true,"href":"https:\/\/www.kuasteknoloji.com\/de\/wp-json\/wp\/v2\/users\/2"}],"replies":[{"embeddable":true,"href":"https:\/\/www.kuasteknoloji.com\/de\/wp-json\/wp\/v2\/comments?post=16588"}],"version-history":[{"count":0,"href":"https:\/\/www.kuasteknoloji.com\/de\/wp-json\/wp\/v2\/pages\/16588\/revisions"}],"wp:attachment":[{"href":"https:\/\/www.kuasteknoloji.com\/de\/wp-json\/wp\/v2\/media?parent=16588"}],"curies":[{"name":"wp","href":"https:\/\/api.w.org\/{rel}","templated":true}]}}