{"id":16874,"date":"2022-10-17T10:53:36","date_gmt":"2022-10-17T07:53:36","guid":{"rendered":"https:\/\/www.kuasteknoloji.com\/?page_id=16874"},"modified":"2022-10-19T12:27:45","modified_gmt":"2022-10-19T09:27:45","slug":"gspd","status":"publish","type":"page","link":"https:\/\/www.kuasteknoloji.com\/de\/gspd\/","title":{"rendered":"GSPD"},"content":{"rendered":"<div class=\"wpb-content-wrapper\"><p>[vc_row full_width=&#8220;stretch_row&#8220; css=&#8220;.vc_custom_1618574382044{padding-top: 15vh !important;padding-bottom: 18vh !important;background-image: url(https:\/\/www.kuasteknoloji.com\/wp-content\/uploads\/2021\/04\/kuas-sirket-header.jpg?id=9666) !important;background-position: center !important;background-repeat: no-repeat !important;background-size: cover !important;}&#8220; mobile_bg_img_hidden=&#8220;no&#8220; tablet_bg_img_hidden=&#8220;no&#8220; woodmart_parallax=&#8220;0&#8243; woodmart_gradient_switch=&#8220;no&#8220; row_reverse_mobile=&#8220;0&#8243; row_reverse_tablet=&#8220;0&#8243; woodmart_disable_overflow=&#8220;0&#8243;][vc_column]\t\t\n\t\t<div id=\"wd-634fc14285c17\" class=\"title-wrapper  woodmart-title-color-white woodmart-title-style-default woodmart-title-width-60 text-center woodmart-title-size-extra-large \">\n\t\t\t\t\t\t\n\t\t\t<div class=\"liner-continer\">\n\t\t\t\t<span class=\"left-line\"><\/span>\n\t\t\t\t<h4 class=\"woodmart-title-container title  woodmart-font-weight-\" >GSPD Richtlinien Text<\/h4>\t\t\t\t\t\t\t\t<span class=\"right-line\"><\/span>\n\t\t\t<\/div>\n\t\t\t\n\t\t\t\t\t\t\n\t\t\t\t\t<\/div>\n\t\t\n\t\t[\/vc_column][\/vc_row][vc_row full_width=&#8220;stretch_row&#8220; equal_height=&#8220;yes&#8220; content_placement=&#8220;middle&#8220; woodmart_bg_position=&#8220;center-bottom&#8220; row_reverse_mobile=&#8220;1&#8243; row_reverse_tablet=&#8220;1&#8243; css=&#8220;.vc_custom_1613826203815{margin-top: 80px !important;background-position: 0 0 !important;background-repeat: no-repeat !important;}&#8220; el_class=&#8220;tablet-bg-img-hidden&#8220; mobile_bg_img_hidden=&#8220;no&#8220; tablet_bg_img_hidden=&#8220;no&#8220; woodmart_parallax=&#8220;0&#8243; woodmart_gradient_switch=&#8220;no&#8220; woodmart_disable_overflow=&#8220;0&#8243;][vc_column css=&#8220;.vc_custom_1665992839221{padding-top: 0px !important;}&#8220; offset=&#8220;vc_col-lg-12 vc_col-md-6 vc_col-xs-12&#8243; mobile_bg_img_hidden=&#8220;no&#8220; tablet_bg_img_hidden=&#8220;no&#8220; woodmart_parallax=&#8220;0&#8243; woodmart_sticky_column=&#8220;false&#8220; parallax_scroll=&#8220;no&#8220; mobile_reset_margin=&#8220;no&#8220; tablet_reset_margin=&#8220;no&#8220;]\t\n\t\t\t<div id=\"wd-634fc15a3034f\" class=\"woodmart-text-block-wrapper color-scheme-dark woodmart-title-size-custom woodmart-title-width-100 text-left vc_custom_1666171230111\">\n\t\t\t\t<div class=\"woodmart-title-container woodmart-text-block font-primary woodmart-font-weight-\">\n\t\t\t\t\tGSPD Richtlinien Text\t\t\t\t<\/div>\n\t\t\t\t\t\n\t\t\t<\/div>\n\t\t\t\n\t\t\t<div id=\"wd-602fd9695b3fc\" class=\"woodmart-text-block-wrapper color-scheme-dark woodmart-title-size-custom woodmart-title-width-100 text-left vc_custom_1613748629672\">\n\t\t\t\t<div class=\"woodmart-title-container woodmart-text-block font-primary woodmart-font-weight-\">\n\t\t\t\t\t<span style=\"color: #ff6600;\"><em>Kuas Teknolojileri<\/em><\/span>\t\t\t\t<\/div>\n\t\t\t\t\t\n\t\t\t<\/div>\n\t\t\t\n\t\t\t<div id=\"wd-634fc06101614\" class=\"woodmart-text-block-wrapper color-scheme- woodmart-title-size-custom woodmart-title-width-100 text-left \">\n\t\t\t\t<div class=\"woodmart-title-container woodmart-text-block font-text woodmart-font-weight-\">\n\t\t\t\t\t<strong>WEBSITE-RICHTLINIENTEXT<\/strong><\/p>\n<p><strong>RICHTLINIENTEXT NACH DEM GESETZ \u00dcBER DEN SCHUTZ PERSONENBEZOGENER DATEN NUMMER 6698<\/strong><\/p>\n<h5><strong>a) Datenverantwortlicher<\/strong><\/h5>\n<p>Als KUAS TEKNOLOJ\u0130 (im Folgenden als \u201eUnternehmen\u201c bezeichnet) informieren wir Sie dar\u00fcber, dass wir Ihre personenbezogenen Daten als Datenverantwortlicher im Rahmen des Datenschutzgesetzes Nr. 6698 (im Folgenden als \u201eKVKK\u201c bezeichnet) und anderer verarbeiten einschl\u00e4gigen Rechtsvorschriften.<\/p>\n<h5><strong>b) Verarbeitete personenbezogene Daten<\/strong><\/h5>\n<p>In \u00dcbereinstimmung mit der KVKK und anderen relevanten Gesetzen werden Ihre personenbezogenen Daten (Vor- und Nachname, Telefonnummer und E-Mail-Adresse), bestehend aus Ihrer Identit\u00e4t und Kontaktinformationen, im Rahmen der in diesem Klarstellungstext angegebenen Zwecke und rechtlichen Gr\u00fcnde verarbeitet .<\/p>\n<h5><strong>c) Zu welchem \u200b\u200bZweck werden personenbezogene Daten verarbeitet<\/strong><\/h5>\n<p>Ihre pers\u00f6nlichen Daten,<\/p>\n<p>Durchf\u00fchrung der notwendigen Arbeiten durch unsere Gesch\u00e4ftsbereiche, damit Sie von den Produkten und Dienstleistungen unseres Unternehmens profitieren k\u00f6nnen,<br \/>\nEmpfehlen der von unserem Unternehmen angebotenen Produkte und Dienstleistungen an Sie; Planung und\/oder Durchf\u00fchrung von Marktforschungsaktivit\u00e4ten f\u00fcr den Vertrieb und die Vermarktung von Produkten und Dienstleistungen,<br \/>\nInformation unserer Kunden, die von unseren Produkten und Dienstleistungen profitieren, \u00fcber Branchenentwicklungen und Management dieser Prozesse<br \/>\nF\u00fcr die Zwecke von \u201ea) ist es in den Gesetzen eindeutig festgelegt\u201c, \u201ec) ist es erforderlich, personenbezogene Daten der Vertragsparteien zu verarbeiten, sofern sie in direktem Zusammenhang mit der Begr\u00fcndung oder Erf\u00fcllung eines Vertrags stehen\u201c, \u201e\u00e7) Zur Erf\u00fcllung der gesetzlichen Verpflichtung des Datenverantwortlichen\u201c. Sie werden innerhalb der Rechtsgrundlagen von \u201ee) Die Datenverarbeitung ist f\u00fcr die Begr\u00fcndung, Aus\u00fcbung oder den Schutz eines Rechts erforderlich\u201c verarbeitet.<\/p>\n<h5><strong>d) An wen und zu welchem \u200b\u200bZweck die verarbeiteten personenbezogenen Daten \u00fcbermittelt werden k\u00f6nnen<\/strong><\/h5>\n<p>Ihre von unserem Unternehmen verarbeiteten personenbezogenen Daten werden nicht an Institutionen, nat\u00fcrliche Personen oder juristische Personen des Privatrechts weitergegeben. Ihre personenbezogenen Daten k\u00f6nnen erforderlichenfalls oder auf Anfrage an relevante \u00f6ffentliche Einrichtungen und Organisationen weitergegeben werden, um gesetzliche Verpflichtungen gem\u00e4\u00df den einschl\u00e4gigen Rechtsvorschriften zu erf\u00fcllen, ohne die ausdr\u00fcckliche Zustimmung der betroffenen Person einzuholen, gem\u00e4\u00df Artikel 8 (2) (a ) der KVKK.<\/p>\n<h5><strong>e) \u00dcberweisung ins Ausland<\/strong><\/h5>\n<p>Ihre personenbezogenen Daten, die aufgrund der in Artikel 5 (2) der KVKK genannten gesetzlichen Gr\u00fcnde verarbeitet werden, werden ins Ausland \u00fcbermittelt, da die Verkaufs- und Marketingaktivit\u00e4ten der Produkte und Dienstleistungen des Unternehmens \u00fcber Online-Softwaresysteme durchgef\u00fchrt werden, deren Datenbanken sich im Ausland befinden. ohne ausdr\u00fcckliche Einwilligung der betroffenen Person,<\/p>\n<p>Ausl\u00e4ndische L\u00e4nder, die vom Personal Data Protection Board (im Folgenden als &#8222;Board&#8220; bezeichnet) f\u00fcr angemessenen Schutz erkl\u00e4rt wurden (&#8222;Ausland mit ausreichendem Schutz&#8220;)<br \/>\nSie kann \u00fcbertragen werden, sofern sie auf das Ausland und\/oder die L\u00e4nder beschr\u00e4nkt ist, in denen die Datenverantwortlichen in der T\u00fcrkei und im jeweiligen Ausland einen angemessenen schriftlichen Schutz gew\u00e4hrleisten und der Vorstand die Genehmigung f\u00fcr die entsprechende \u00dcbertragung hat (\u201eAusland wo sich der Datenverantwortliche befindet, der den ausreichenden Schutz gew\u00e4hrleistet&#8220;).<br \/>\nDie \u00dcbermittlung Ihrer im Rahmen der oben genannten Zwecke verarbeiteten personenbezogenen Daten ins Ausland wird von unserem Unternehmen unter Beachtung aller erforderlichen Sicherheitsma\u00dfnahmen gem\u00e4\u00df den vom Vorstand getroffenen Entscheidungen und den einschl\u00e4gigen Vorschriften in insbesondere die KVKK und andere relevante Gesetze.<\/p>\n<h5><strong>f) Management und rechtlicher Grund f\u00fcr die Erhebung personenbezogener Daten<\/strong><\/h5>\n<p>Ihre personenbezogenen Daten, um die in Absatz (c) dieses Textes genannten Zwecke zu erf\u00fcllen, basierend auf den in Artikel 5 (2) der KVKK genannten rechtlichen Gr\u00fcnden, Ausf\u00fcllen eines Kontaktformulars auf der Website, Senden einer E-Mail Nachricht und Besuch der Website in elektronischer Umgebung mit automatischen oder nicht automatischen Methoden. Es wird durch die folgenden Methoden erhalten:<\/p>\n<h5><strong>g) Ihre Rechte gem\u00e4\u00df Artikel 11 der KVKK<\/strong><\/h5>\n<p>Im Rahmen von Artikel 11 der KVKK haben Sie Rechte als Dateneigent\u00fcmer, und Sie k\u00f6nnen Ihre Antr\u00e4ge bez\u00fcglich dieser Rechte einreichen, vorzugsweise durch Ausf\u00fcllen aller Informationen, die im Antragsformular f\u00fcr verbundene Personen auf unserer Website angegeben sind, indem Sie alle ausf\u00fcllen die Informationen gem\u00e4\u00df Artikel 11 und Absatz 1 von Artikel 13 der KVKK und die Daten gem\u00e4\u00df dem Kommuniqu\u00e9 \u00fcber die Verfahren und Grunds\u00e4tze der Anwendung an die verantwortliche Person,<\/p>\n<p>Indem Sie pers\u00f6nlich zu unserem Unternehmen unter der Adresse \u201eAk\u00e7aburgaz Mahallesi 3078. Sokak, No:2 34522 Esenyurt &#8211; Istanbul \/ TURKIYE\u201c kommen,<br \/>\nUm Ihre Identit\u00e4t feststellen zu k\u00f6nnen und keine Auskunft an falsche Personen zu erteilen, schriftlich, notariell oder per Einschreiben mit R\u00fcckschein,<br \/>\n(falls vorhanden) durch Senden einer E-Mail an Ihre Adresse unter Verwendung der E-Mail-Adresse, die zuvor unserem Unternehmen mitgeteilt und in unseren Systemen registriert wurde, oder durch andere Methoden, die in Zukunft vom Vorstand festgelegt werden.<\/p>\n<h5><strong>h) Aufbewahrungsfrist von personenbezogenen Daten<\/strong><\/h5>\n<p>Das Unternehmen l\u00f6scht, vernichtet, vernichtet oder anonymisiert personenbezogene Daten, sobald der Zweck der Verarbeitung personenbezogener Daten entf\u00e4llt und die gesetzlich vorgeschriebenen Aufbewahrungsfristen ablaufen.<\/p>\n<h5><strong>i) \u00c4nderungen und Aktualisierungen<\/strong><\/h5>\n<p>Dieser Klarstellungstext wurde im Rahmen des Gesetzes zum Schutz personenbezogener Daten Nr. 6698 und anderer relevanter Gesetze erstellt. Notwendige \u00c4nderungen k\u00f6nnen im oben genannten Offenlegungstext gem\u00e4\u00df den einschl\u00e4gigen Rechtsvorschriften und\/oder \u00c4nderungen der Verarbeitungszwecke und -richtlinien des Unternehmens f\u00fcr personenbezogene Daten vorgenommen werden.\t\t\t\t<\/div>\n\t\t\t\t\t\n\t\t\t<\/div>\n\t\t[\/vc_column][\/vc_row][vc_row full_width=&#8220;stretch_row&#8220; woodmart_disable_overflow=&#8220;1&#8243; css=&#8220;.vc_custom_1613981005809{margin-top: 50px !important;margin-bottom: -60px !important;border-right-width: 15px !important;border-left-width: 15px !important;padding-bottom: 7vh !important;background-image: url(https:\/\/www.kuasteknoloji.com\/wp-content\/uploads\/2021\/02\/easy-link-bg.jpg?id=7194) !important;border-left-color: #ffffff !important;border-left-style: solid !important;border-right-color: #ffffff !important;border-right-style: solid !important;}&#8220; mobile_bg_img_hidden=&#8220;no&#8220; tablet_bg_img_hidden=&#8220;no&#8220; woodmart_parallax=&#8220;0&#8243; woodmart_gradient_switch=&#8220;no&#8220; row_reverse_mobile=&#8220;0&#8243; row_reverse_tablet=&#8220;0&#8243;][vc_column css=&#8220;.vc_custom_1533295554518{margin-bottom: 0px !important;padding-top: 0px !important;background-position: center !important;background-repeat: no-repeat !important;background-size: contain !important;}&#8220;][vc_row_inner css=&#8220;.vc_custom_1533295652294{padding-top: 2vh !important;background-position: center !important;background-repeat: no-repeat !important;background-size: cover !important;}&#8220;][vc_column_inner css=&#8220;.vc_custom_1613980894825{margin-bottom: 4vh !important;padding-top: 0px !important;}&#8220; offset=&#8220;vc_col-lg-4 vc_col-md-4&#8243;]\t\t\t<div class=\"info-box-wrapper \">\n\t\t\t\t<div id=\"wd-634fbfd811bd1\" class=\" cursor-pointer woodmart-info-box text-left box-icon-align-left box-style- color-scheme-light woodmart-bg-none box-title-large vc_custom_1666170851072\"  >\n\t\t\t\t\t\t\t\t\t\t\t<div class=\"box-icon-wrapper  box-with-text text-size-default box-icon-simple\">\n\t\t\t\t\t\t\t<div class=\"info-box-icon\">\n\n\t\t\t\t\t\t\t\t\t\t\t\t\t\t\t1.\t\t\t\t\t\t\t\n\t\t\t\t\t\t\t<\/div>\n\t\t\t\t\t\t<\/div>\n\t\t\t\t\t\t\t\t\t\t<div class=\"info-box-content\">\n\t\t\t\t\t\t<h4 class=\"info-box-title woodmart-font-weight- box-title-style-default\">Qualit\u00e4t<\/h4>\t\t\t\t\t\t<div class=\"info-box-inner reset-mb-10\">\n\t\t\t\t\t\t\t<p>Technologische Produkte haben viele Gr\u00fcnde f\u00fcr ihre Pr\u00e4ferenz; Wir k\u00f6nnen viele Gr\u00fcnde aufz\u00e4hlen, z. B. weil sie erschwinglich, stilvoll gestaltet, ergonomisch, wirtschaftlich, benutzerfreundlich, naturfreundlich, gesund und sicher sind.<\/p>\n<p>Die wichtigsten sind jedoch der hohe Nutzen, die niedrigen Nutzungskosten und die langfristige Nutzung. Die wartungsfreie, dauerhafte Struktur und die zufriedenstellende Nutzungserfahrung des Produkts, die durch die Ber\u00fccksichtigung der Qualit\u00e4tsstandards erreicht wird, beginnt mit dem Verst\u00e4ndnis von Qualit\u00e4tsservice, der darauf abzielt, das Produkt von der Qualit\u00e4tsproduktion zum Endnutzer zu bringen.<\/p>\n<p>Hinter der Schaffung eines Produkts mit diesen Eigenschaften steht eine innovative Forschungs- und Entwicklungsarbeit in direktem Verh\u00e4ltnis zu den Bed\u00fcrfnissen der Endverbraucher, viel M\u00fche, Schwei\u00df, Geduld, gl\u00fcckliche Mitarbeiter, die ihren Job lieben, und eine Institution, die ihre Mitarbeiter und die Umwelt wertsch\u00e4tzt, um diese Studien an den K\u00f6rper zu bringen. Wir handeln nach dem Prinzip, dass die Arbeit nach diesem Prinzip die gr\u00f6\u00dfte Investition f\u00fcr die Menschheit und f\u00fcr unsere gemeinsame Zukunft ist.<\/p>\n\t\t\t\t\t\t<\/div>\n\n\t\t\t\t\t\t\t\t\t\t\t\t\n\t\t\t\t\t<\/div>\n\n\t\t\t\t\t<style><\/style>\t\t\t\t<\/div>\n\t\t\t<\/div>\n\t\t[\/vc_column_inner][vc_column_inner css=&#8220;.vc_custom_1613980904046{margin-bottom: 4vh !important;padding-top: 0px !important;}&#8220; offset=&#8220;vc_col-lg-4 vc_col-md-4&#8243;]\t\t\t<div class=\"info-box-wrapper \">\n\t\t\t\t<div id=\"wd-634fbff4d7564\" class=\" cursor-pointer woodmart-info-box text-left box-icon-align-left box-style- color-scheme-light woodmart-bg-none box-title-large vc_custom_1666170881509\"  >\n\t\t\t\t\t\t\t\t\t\t\t<div class=\"box-icon-wrapper  box-with-text text-size-default box-icon-simple\">\n\t\t\t\t\t\t\t<div class=\"info-box-icon\">\n\n\t\t\t\t\t\t\t\t\t\t\t\t\t\t\t2.\t\t\t\t\t\t\t\n\t\t\t\t\t\t\t<\/div>\n\t\t\t\t\t\t<\/div>\n\t\t\t\t\t\t\t\t\t\t<div class=\"info-box-content\">\n\t\t\t\t\t\t<h4 class=\"info-box-title woodmart-font-weight- box-title-style-default\">Technologie<\/h4>\t\t\t\t\t\t<div class=\"info-box-inner reset-mb-10\">\n\t\t\t\t\t\t\t<p>Von der Vergangenheit bis zur Gegenwart haben sich die Menschen immer bem\u00fcht, etwas durch Ausprobieren zu entdecken (Methode von Versuch und Irrtum). Wenn wir \u00fcber Technologie sprechen, variiert das, was uns in den Sinn kommt, je nach unseren Bed\u00fcrfnissen und Interessen. Computer, Telefon, Raumfahrt und vielleicht noch andere technologische Hilfsmittel, die uns das Leben in unseren Lebensr\u00e4umen erleichtern, Technologie ist die Nutzung wissenschaftlicher Erkenntnisse f\u00fcr praktische Zwecke oder Anwendungen in der Industrie oder in unserem t\u00e4glichen Leben.<\/p>\n\t\t\t\t\t\t<\/div>\n\n\t\t\t\t\t\t\t\t\t\t\t\t\n\t\t\t\t\t<\/div>\n\n\t\t\t\t\t<style><\/style>\t\t\t\t<\/div>\n\t\t\t<\/div>\n\t\t[\/vc_column_inner][vc_column_inner css=&#8220;.vc_custom_1535097376175{margin-bottom: 4vh !important;padding-top: 0px !important;}&#8220; offset=&#8220;vc_col-lg-4 vc_col-md-4&#8243;]\t\t\t<div class=\"info-box-wrapper \">\n\t\t\t\t<div id=\"wd-634fc0199e8fa\" class=\" cursor-pointer woodmart-info-box text-left box-icon-align-left box-style- color-scheme-light woodmart-bg-none box-title-large vc_custom_1666170949913\"  >\n\t\t\t\t\t\t\t\t\t\t\t<div class=\"box-icon-wrapper  box-with-text text-size-default box-icon-simple\">\n\t\t\t\t\t\t\t<div class=\"info-box-icon\">\n\n\t\t\t\t\t\t\t\t\t\t\t\t\t\t\t3.\t\t\t\t\t\t\t\n\t\t\t\t\t\t\t<\/div>\n\t\t\t\t\t\t<\/div>\n\t\t\t\t\t\t\t\t\t\t<div class=\"info-box-content\">\n\t\t\t\t\t\t<h4 class=\"info-box-title woodmart-font-weight- box-title-style-default\">Innovation<\/h4>\t\t\t\t\t\t<div class=\"info-box-inner reset-mb-10\">\n\t\t\t\t\t\t\t<p>Unsere Motivation, Produkte herzustellen, die den Lebensstandard durch den Einsatz innovativer Technologien auf die n\u00e4chste Stufe heben, begann mit dem <strong>\u201eHybridboard\u201c<\/strong>, das wir der Welt durch die Realisierung seiner Innovation vorstellten und das in Europa gro\u00dfen Eindruck hinterlie\u00df, nimmt heute weiter zu, um k\u00fcnftigen Generationen eine saubere Umwelt zu hinterlassen.<\/p>\n<p>Wir bieten der Heizungsbranche mit innovativen Produkten <strong>\u201emehr als nur eine Heizung\u201c<\/strong> und bringen unseren \u00fcberragenden Erfolg in Europa und unsere innovative Produktpalette in die T\u00fcrkei.<\/p>\n\t\t\t\t\t\t<\/div>\n\n\t\t\t\t\t\t\t\t\t\t\t\t\n\t\t\t\t\t<\/div>\n\n\t\t\t\t\t<style><\/style>\t\t\t\t<\/div>\n\t\t\t<\/div>\n\t\t[\/vc_column_inner][\/vc_row_inner][\/vc_column][\/vc_row]<\/p>\n<\/div>","protected":false},"excerpt":{"rendered":"<p>[vc_row full_width=&#8220;stretch_row&#8220; css=&#8220;.vc_custom_1618574382044{padding-top: 15vh !important;padding-bottom: 18vh !important;background-image: url(https:\/\/www.kuasteknoloji.com\/wp-content\/uploads\/2021\/04\/kuas-sirket-header.jpg?id=9666) !important;background-position: center !important;background-repeat: no-repeat !important;background-size: cover !important;}&#8220; mobile_bg_img_hidden=&#8220;no&#8220; tablet_bg_img_hidden=&#8220;no&#8220; woodmart_parallax=&#8220;0&#8243; woodmart_gradient_switch=&#8220;no&#8220; row_reverse_mobile=&#8220;0&#8243;<\/p>\n","protected":false},"author":2,"featured_media":0,"parent":0,"menu_order":0,"comment_status":"closed","ping_status":"closed","template":"","meta":{"footnotes":""},"_links":{"self":[{"href":"https:\/\/www.kuasteknoloji.com\/de\/wp-json\/wp\/v2\/pages\/16874"}],"collection":[{"href":"https:\/\/www.kuasteknoloji.com\/de\/wp-json\/wp\/v2\/pages"}],"about":[{"href":"https:\/\/www.kuasteknoloji.com\/de\/wp-json\/wp\/v2\/types\/page"}],"author":[{"embeddable":true,"href":"https:\/\/www.kuasteknoloji.com\/de\/wp-json\/wp\/v2\/users\/2"}],"replies":[{"embeddable":true,"href":"https:\/\/www.kuasteknoloji.com\/de\/wp-json\/wp\/v2\/comments?post=16874"}],"version-history":[{"count":0,"href":"https:\/\/www.kuasteknoloji.com\/de\/wp-json\/wp\/v2\/pages\/16874\/revisions"}],"wp:attachment":[{"href":"https:\/\/www.kuasteknoloji.com\/de\/wp-json\/wp\/v2\/media?parent=16874"}],"curies":[{"name":"wp","href":"https:\/\/api.w.org\/{rel}","templated":true}]}}