{"id":10418,"date":"2017-06-27T07:50:48","date_gmt":"2017-06-27T04:50:48","guid":{"rendered":"https:\/\/www.kuasteknoloji.com\/hakkimizda\/"},"modified":"2022-06-08T16:17:02","modified_gmt":"2022-06-08T13:17:02","slug":"about-us","status":"publish","type":"page","link":"https:\/\/www.kuasteknoloji.com\/en\/about-us\/","title":{"rendered":"About Us"},"content":{"rendered":"<div class=\"wpb-content-wrapper\"><p>[vc_row full_width=&#8221;stretch_row&#8221; css=&#8221;.vc_custom_1618574382044{padding-top: 15vh !important;padding-bottom: 18vh !important;background-image: url(https:\/\/www.kuasteknoloji.com\/wp-content\/uploads\/2021\/04\/kuas-sirket-header.jpg?id=9666) !important;background-position: center !important;background-repeat: no-repeat !important;background-size: cover !important;}&#8221; mobile_bg_img_hidden=&#8221;no&#8221; tablet_bg_img_hidden=&#8221;no&#8221; woodmart_parallax=&#8221;0&#8243; woodmart_gradient_switch=&#8221;no&#8221; row_reverse_mobile=&#8221;0&#8243; row_reverse_tablet=&#8221;0&#8243; woodmart_disable_overflow=&#8221;0&#8243;][vc_column]\t\t\n\t\t<div id=\"wd-62a09afdd0275\" class=\"title-wrapper  woodmart-title-color-white woodmart-title-style-default woodmart-title-width-60 text-center woodmart-title-size-extra-large \">\n\t\t\t\t\t\t\n\t\t\t<div class=\"liner-continer\">\n\t\t\t\t<span class=\"left-line\"><\/span>\n\t\t\t\t<h4 class=\"woodmart-title-container title  woodmart-font-weight-\" >About KUAS Technology<\/h4>\t\t\t\t\t\t\t\t<span class=\"right-line\"><\/span>\n\t\t\t<\/div>\n\t\t\t\n\t\t\t\t\t\t\n\t\t\t\t\t<\/div>\n\t\t\n\t\t[\/vc_column][\/vc_row][vc_row full_width=&#8221;stretch_row&#8221; equal_height=&#8221;yes&#8221; content_placement=&#8221;middle&#8221; woodmart_bg_position=&#8221;center-bottom&#8221; row_reverse_mobile=&#8221;1&#8243; row_reverse_tablet=&#8221;1&#8243; css=&#8221;.vc_custom_1613826203815{margin-top: 80px !important;background-position: 0 0 !important;background-repeat: no-repeat !important;}&#8221; el_class=&#8221;tablet-bg-img-hidden&#8221; mobile_bg_img_hidden=&#8221;no&#8221; tablet_bg_img_hidden=&#8221;no&#8221; woodmart_parallax=&#8221;0&#8243; woodmart_gradient_switch=&#8221;no&#8221; woodmart_disable_overflow=&#8221;0&#8243;][vc_column css=&#8221;.vc_custom_1533223412131{padding-top: 0px !important;}&#8221; offset=&#8221;vc_col-lg-6 vc_col-md-6 vc_col-xs-12&#8243;][vc_single_image image=&#8221;7475&#8243; img_size=&#8221;full&#8221; css=&#8221;.vc_custom_1613748493836{margin-bottom: -1px !important;padding-top: 0px !important;}&#8221; parallax_scroll=&#8221;no&#8221;][\/vc_column][vc_column css=&#8221;.vc_custom_1613980945266{padding-top: 0px !important;}&#8221; offset=&#8221;vc_col-lg-6 vc_col-md-6 vc_col-xs-12&#8243; mobile_bg_img_hidden=&#8221;no&#8221; tablet_bg_img_hidden=&#8221;no&#8221; woodmart_parallax=&#8221;0&#8243; woodmart_sticky_column=&#8221;false&#8221; parallax_scroll=&#8221;no&#8221; mobile_reset_margin=&#8221;no&#8221; tablet_reset_margin=&#8221;no&#8221;]\t\n\t\t\t<div id=\"wd-62a09b367e82a\" class=\"woodmart-text-block-wrapper color-scheme-dark woodmart-title-size-custom woodmart-title-width-100 text-left vc_custom_1654692672576\">\n\t\t\t\t<div class=\"woodmart-title-container woodmart-text-block font-primary woodmart-font-weight-\">\n\t\t\t\t\tAbout Us\t\t\t\t<\/div>\n\t\t\t\t\t\n\t\t\t<\/div>\n\t\t\t\n\t\t\t<div id=\"wd-62a09b428f7b9\" class=\"woodmart-text-block-wrapper color-scheme-dark woodmart-title-size-custom woodmart-title-width-100 text-left vc_custom_1654692685359\">\n\t\t\t\t<div class=\"woodmart-title-container woodmart-text-block font-primary woodmart-font-weight-\">\n\t\t\t\t\t<span style=\"color: #ff6600;\"><em>Kuas Technologies<\/em><\/span>\t\t\t\t<\/div>\n\t\t\t\t\t\n\t\t\t<\/div>\n\t\t\t\n\t\t\t<div id=\"wd-62a09fd758a5b\" class=\"woodmart-text-block-wrapper color-scheme- woodmart-title-size-custom woodmart-title-width-100 text-left \">\n\t\t\t\t<div class=\"woodmart-title-container woodmart-text-block font-text woodmart-font-weight-\">\n\t\t\t\t\tAfter becoming the European leader in the sector during our journey that we started in 2011 as Kuas Family, we, as Kuas, are happy and proud to present our heaters to the Turkish market.<\/p>\n<p>Kuas Technology, adopting the principle of providing the best benefit, conservation, and healthy heating to the customers while producing the heating systems which are fed with clean energy in the most efficient way, has determined its place in this challenging market in the best way by keeping its reliability and standards above European norms.<\/p>\n<p>It heats like the sun. It is a system that works with electricity. It is especially ideal for the elderly and babies. It doesn\u2019t harm the eyes at all. First of all, it warms people. It does not cause muscle and back pain. It heats with light, it does not cause headaches because it doesn\u2019t use oxygen. It is cost-effective and provides a great deal of energy conservation compared to other heating systems. Thanks to its heat control (smart thermostat), it heats without disturbing your pleasure. If desired, it provides local heating for large areas, especially in places that are difficult to heat. It also heats in very cold weather, doesn\u2019t burn the particles in the air. Ideal for places that are constantly opened and closed, it prevents the heat from flying away. It is suitable for places that need to be heated in a short time. It can be mounted on the ceiling or wall. It can be carried easily when changing places.\t\t\t\t<\/div>\n\t\t\t\t\t\n\t\t\t<\/div>\n\t\t[\/vc_column][\/vc_row][vc_row full_width=&#8221;stretch_row&#8221; woodmart_disable_overflow=&#8221;1&#8243; css=&#8221;.vc_custom_1613981005809{margin-top: 50px !important;margin-bottom: -60px !important;border-right-width: 15px !important;border-left-width: 15px !important;padding-bottom: 7vh !important;background-image: url(https:\/\/www.kuasteknoloji.com\/wp-content\/uploads\/2021\/02\/easy-link-bg.jpg?id=7194) !important;border-left-color: #ffffff !important;border-left-style: solid !important;border-right-color: #ffffff !important;border-right-style: solid !important;}&#8221; mobile_bg_img_hidden=&#8221;no&#8221; tablet_bg_img_hidden=&#8221;no&#8221; woodmart_parallax=&#8221;0&#8243; woodmart_gradient_switch=&#8221;no&#8221; row_reverse_mobile=&#8221;0&#8243; row_reverse_tablet=&#8221;0&#8243;][vc_column css=&#8221;.vc_custom_1533295554518{margin-bottom: 0px !important;padding-top: 0px !important;background-position: center !important;background-repeat: no-repeat !important;background-size: contain !important;}&#8221;][vc_row_inner css=&#8221;.vc_custom_1533295652294{padding-top: 2vh !important;background-position: center !important;background-repeat: no-repeat !important;background-size: cover !important;}&#8221;][vc_column_inner css=&#8221;.vc_custom_1613980894825{margin-bottom: 4vh !important;padding-top: 0px !important;}&#8221; offset=&#8221;vc_col-lg-4 vc_col-md-4&#8243;]\t\t\t<div class=\"info-box-wrapper \">\n\t\t\t\t<div id=\"wd-62a09bac8d284\" class=\" cursor-pointer woodmart-info-box text-left box-icon-align-left box-style- color-scheme-light woodmart-bg-none box-title-large vc_custom_1654692804932\"  >\n\t\t\t\t\t\t\t\t\t\t\t<div class=\"box-icon-wrapper  box-with-text text-size-default box-icon-simple\">\n\t\t\t\t\t\t\t<div class=\"info-box-icon\">\n\n\t\t\t\t\t\t\t\t\t\t\t\t\t\t\t1.\t\t\t\t\t\t\t\n\t\t\t\t\t\t\t<\/div>\n\t\t\t\t\t\t<\/div>\n\t\t\t\t\t\t\t\t\t\t<div class=\"info-box-content\">\n\t\t\t\t\t\t<h4 class=\"info-box-title woodmart-font-weight- box-title-style-default\">Quality<\/h4>\t\t\t\t\t\t<div class=\"info-box-inner reset-mb-10\">\n\t\t\t\t\t\t\t<p>Technological products have many reasons for their preference; We can count many reasons such as being affordable, stylishly designed, ergonomic, economical, easy-to-use, nature-friendly, healthy and safe.<br \/>\nBut the most important ones appear as high benefit, low cost of use and long-term use. The maintenance-free durable structure and satisfactory usage experience of the product, which is brought in by considering the quality standards, starts from the quality service understanding that aims to carry it from quality production to the end-user.<\/p>\n<p>Behind the creation of a product with these features, there is an innovative R &amp; D work in direct proportion to the needs of the end users, lots of effort, sweat, patience, happy employees who love their job, and an institution that values its employees and the environment to bring these studies to the body. We act with the principle that working with this principle is the biggest investment for humanity and for our common future.<\/p>\n\t\t\t\t\t\t<\/div>\n\n\t\t\t\t\t\t\t\t\t\t\t\t\n\t\t\t\t\t<\/div>\n\n\t\t\t\t\t<style><\/style>\t\t\t\t<\/div>\n\t\t\t<\/div>\n\t\t[\/vc_column_inner][vc_column_inner css=&#8221;.vc_custom_1613980904046{margin-bottom: 4vh !important;padding-top: 0px !important;}&#8221; offset=&#8221;vc_col-lg-4 vc_col-md-4&#8243;]\t\t\t<div class=\"info-box-wrapper \">\n\t\t\t\t<div id=\"wd-62a09bcb0b80b\" class=\" cursor-pointer woodmart-info-box text-left box-icon-align-left box-style- color-scheme-light woodmart-bg-none box-title-large vc_custom_1654692830506\"  >\n\t\t\t\t\t\t\t\t\t\t\t<div class=\"box-icon-wrapper  box-with-text text-size-default box-icon-simple\">\n\t\t\t\t\t\t\t<div class=\"info-box-icon\">\n\n\t\t\t\t\t\t\t\t\t\t\t\t\t\t\t2.\t\t\t\t\t\t\t\n\t\t\t\t\t\t\t<\/div>\n\t\t\t\t\t\t<\/div>\n\t\t\t\t\t\t\t\t\t\t<div class=\"info-box-content\">\n\t\t\t\t\t\t<h4 class=\"info-box-title woodmart-font-weight- box-title-style-default\">Technology<\/h4>\t\t\t\t\t\t<div class=\"info-box-inner reset-mb-10\">\n\t\t\t\t\t\t\t<p>From past to present, human beings have always made an effort to discover something by trying (trial and error method). When we talk about technology, what comes to our minds varies according to our needs and interests. Computer, telephone, space and perhaps other technological tools that make life easier for us in our living spaces, Technology is the use of scientific knowledge for practical purposes or applications in industry or in our daily life.<\/p>\n\t\t\t\t\t\t<\/div>\n\n\t\t\t\t\t\t\t\t\t\t\t\t\n\t\t\t\t\t<\/div>\n\n\t\t\t\t\t<style><\/style>\t\t\t\t<\/div>\n\t\t\t<\/div>\n\t\t[\/vc_column_inner][vc_column_inner css=&#8221;.vc_custom_1535097376175{margin-bottom: 4vh !important;padding-top: 0px !important;}&#8221; offset=&#8221;vc_col-lg-4 vc_col-md-4&#8243;]\t\t\t<div class=\"info-box-wrapper \">\n\t\t\t\t<div id=\"wd-62a09be22feb2\" class=\" cursor-pointer woodmart-info-box text-left box-icon-align-left box-style- color-scheme-light woodmart-bg-none box-title-large vc_custom_1654692848750\"  >\n\t\t\t\t\t\t\t\t\t\t\t<div class=\"box-icon-wrapper  box-with-text text-size-default box-icon-simple\">\n\t\t\t\t\t\t\t<div class=\"info-box-icon\">\n\n\t\t\t\t\t\t\t\t\t\t\t\t\t\t\t3.\t\t\t\t\t\t\t\n\t\t\t\t\t\t\t<\/div>\n\t\t\t\t\t\t<\/div>\n\t\t\t\t\t\t\t\t\t\t<div class=\"info-box-content\">\n\t\t\t\t\t\t<h4 class=\"info-box-title woodmart-font-weight- box-title-style-default\">Innovation<\/h4>\t\t\t\t\t\t<div class=\"info-box-inner reset-mb-10\">\n\t\t\t\t\t\t\t<p>Our motivation to produce products that will raise living standards to the next level by using Innovative Technologies, which started with the &#8220;Hybridboard&#8221;, which we introduced to the world by realizing its innovation and made a great impression in Europe, continues to increase today in order to leave a clean environment for future generations.<\/p>\n<p>&nbsp;<\/p>\n<p>We continue to serve by offering &#8220;more than just a heater&#8221; to the heating sector with innovative products, and by bringing our superior success in Europe and our innovative product range to Turkey.<\/p>\n\t\t\t\t\t\t<\/div>\n\n\t\t\t\t\t\t\t\t\t\t\t\t\n\t\t\t\t\t<\/div>\n\n\t\t\t\t\t<style><\/style>\t\t\t\t<\/div>\n\t\t\t<\/div>\n\t\t[\/vc_column_inner][\/vc_row_inner][\/vc_column][\/vc_row][vc_section content_placement=&#8221;top&#8221; css=&#8221;.vc_custom_1612433418371{margin-top: -100px !important;padding-top: 50px !important;padding-right: 5% !important;padding-left: 5% !important;background-color: #ffffff !important;}&#8221; el_class=&#8221;position-relative z-index-h&#8221; mobile_bg_img_hidden=&#8221;no&#8221; tablet_bg_img_hidden=&#8221;no&#8221; woodmart_parallax=&#8221;0&#8243; woodmart_gradient_switch=&#8221;no&#8221; woodmart_disable_overflow=&#8221;0&#8243;][vc_row][vc_column]\t\t\n\t\t<div id=\"wd-62a09cb98e719\" class=\"title-wrapper  woodmart-title-color-default woodmart-title-style-default woodmart-title-width-100 text-center woodmart-title-size-large \">\n\t\t\t\t\t\t\t<div class=\"title-subtitle  font-default subtitle-style-default woodmart-font-weight-500\">WE ARE<\/div>\n\t\t\t\t\t\t\n\t\t\t<div class=\"liner-continer\">\n\t\t\t\t<span class=\"left-line\"><\/span>\n\t\t\t\t<h4 class=\"woodmart-title-container title  woodmart-font-weight-600\" >A BIG FAMILY<\/h4>\t\t\t\t\t\t\t\t<span class=\"right-line\"><\/span>\n\t\t\t<\/div>\n\t\t\t\n\t\t\t\t\t\t\n\t\t\t\t\t<\/div>\n\t\t\n\t\t[\/vc_column][\/vc_row][vc_row css=&#8221;.vc_custom_1490350549168{margin-bottom: 5vh !important;}&#8221;][vc_column width=&#8221;1\/5&#8243; offset=&#8221;vc_col-lg-1\/5 vc_col-md-1\/5&#8243; mobile_bg_img_hidden=&#8221;no&#8221; tablet_bg_img_hidden=&#8221;no&#8221; woodmart_parallax=&#8221;0&#8243; woodmart_sticky_column=&#8221;false&#8221; parallax_scroll=&#8221;no&#8221; mobile_reset_margin=&#8221;no&#8221; tablet_reset_margin=&#8221;no&#8221;]<div class=\"team-member text-center  member-layout-hover color-scheme-light\"><div class=\"member-image-wrapper\"><div class=\"member-image\"><img decoding=\"async\" class=\"team-member-avatar-image \" src=\"https:\/\/www.kuasteknoloji.com\/wp-content\/uploads\/2021\/02\/cansunkuas.png\" width=\"200\" height=\"280\" alt=\"cansunkuas\" title=\"cansunkuas\" loading=\"lazy\" \/><\/div><\/div><div class=\"member-details\"><h4 class=\"member-name\">Cansun KUAS<\/h4><div class=\"member-bio\"><\/div><\/div><\/div><div class=\"team-member text-center  member-layout-hover color-scheme-light\"><div class=\"member-image-wrapper\"><div class=\"member-image\"><img decoding=\"async\" class=\"team-member-avatar-image \" src=\"https:\/\/www.kuasteknoloji.com\/wp-content\/uploads\/2021\/02\/ayferarda.png\" width=\"200\" height=\"280\" alt=\"ayferarda\" title=\"ayferarda\" loading=\"lazy\" \/><\/div><\/div><div class=\"member-details\"><h4 class=\"member-name\">Ayfer ARDA<\/h4><span class=\"member-position\">Overseas Sales &amp; Marketing<\/span><div class=\"member-bio\"><\/div><\/div><\/div>[\/vc_column][vc_column width=&#8221;1\/5&#8243; offset=&#8221;vc_col-lg-1\/5 vc_col-md-1\/5&#8243; mobile_bg_img_hidden=&#8221;no&#8221; tablet_bg_img_hidden=&#8221;no&#8221; woodmart_parallax=&#8221;0&#8243; woodmart_sticky_column=&#8221;false&#8221; parallax_scroll=&#8221;no&#8221; mobile_reset_margin=&#8221;no&#8221; tablet_reset_margin=&#8221;no&#8221;]<div class=\"team-member text-center  member-layout-hover color-scheme-light\"><div class=\"member-image-wrapper\"><div class=\"member-image\"><img decoding=\"async\" class=\"team-member-avatar-image \" src=\"https:\/\/www.kuasteknoloji.com\/wp-content\/uploads\/2021\/02\/ozankuas.png\" width=\"200\" height=\"280\" alt=\"ozankuas\" title=\"ozankuas\" loading=\"lazy\" \/><\/div><\/div><div class=\"member-details\"><h4 class=\"member-name\">Ozan KUAS<\/h4><div class=\"member-bio\"><\/div><\/div><\/div><div class=\"team-member text-center  member-layout-hover color-scheme-light\"><div class=\"member-image-wrapper\"><div class=\"member-image\"><img decoding=\"async\" class=\"team-member-avatar-image \" src=\"https:\/\/www.kuasteknoloji.com\/wp-content\/uploads\/2021\/02\/armagan.png\" width=\"200\" height=\"280\" alt=\"armagan\" title=\"armagan\" loading=\"lazy\" \/><\/div><\/div><div class=\"member-details\"><h4 class=\"member-name\">Arma\u011fan YARAT<\/h4><span class=\"member-position\">Architect<\/span><div class=\"member-bio\"><\/div><\/div><\/div>[\/vc_column][vc_column width=&#8221;1\/5&#8243; offset=&#8221;vc_col-lg-1\/5 vc_col-md-1\/5&#8243; mobile_bg_img_hidden=&#8221;no&#8221; tablet_bg_img_hidden=&#8221;no&#8221; woodmart_parallax=&#8221;0&#8243; woodmart_sticky_column=&#8221;false&#8221; parallax_scroll=&#8221;no&#8221; mobile_reset_margin=&#8221;no&#8221; tablet_reset_margin=&#8221;no&#8221;]<div class=\"team-member text-center  member-layout-hover color-scheme-light\"><div class=\"member-image-wrapper\"><div class=\"member-image\"><img decoding=\"async\" class=\"team-member-avatar-image \" src=\"https:\/\/www.kuasteknoloji.com\/wp-content\/uploads\/2021\/02\/belmacivelek.png\" width=\"200\" height=\"280\" alt=\"belmacivelek\" title=\"belmacivelek\" loading=\"lazy\" \/><\/div><\/div><div class=\"member-details\"><h4 class=\"member-name\">Belma C\u0130VELEK<\/h4><span class=\"member-position\">Finance<\/span><div class=\"member-bio\"><\/div><\/div><\/div><div class=\"team-member text-center  member-layout-hover color-scheme-light\"><div class=\"member-image-wrapper\"><div class=\"member-image\"><img decoding=\"async\" class=\"team-member-avatar-image \" src=\"https:\/\/www.kuasteknoloji.com\/wp-content\/uploads\/2021\/02\/ozandemircigil.png\" width=\"200\" height=\"280\" alt=\"ozandemircigil\" title=\"ozandemircigil\" loading=\"lazy\" \/><\/div><\/div><div class=\"member-details\"><h4 class=\"member-name\">Ozan DEM\u0130RC\u0130G\u0130L<\/h4><span class=\"member-position\">Purchasing Officer<\/span><div class=\"member-bio\"><\/div><\/div><\/div>[\/vc_column][vc_column width=&#8221;1\/5&#8243; offset=&#8221;vc_col-lg-1\/5 vc_col-md-1\/5&#8243; mobile_bg_img_hidden=&#8221;no&#8221; tablet_bg_img_hidden=&#8221;no&#8221; woodmart_parallax=&#8221;0&#8243; woodmart_sticky_column=&#8221;false&#8221; parallax_scroll=&#8221;no&#8221; mobile_reset_margin=&#8221;no&#8221; tablet_reset_margin=&#8221;no&#8221;]<div class=\"team-member text-center  member-layout-hover color-scheme-light\"><div class=\"member-image-wrapper\"><div class=\"member-image\"><img decoding=\"async\" class=\"team-member-avatar-image \" src=\"https:\/\/www.kuasteknoloji.com\/wp-content\/uploads\/2021\/02\/fehmiaydin.png\" width=\"200\" height=\"280\" alt=\"fehmiaydin\" title=\"fehmiaydin\" loading=\"lazy\" \/><\/div><\/div><div class=\"member-details\"><h4 class=\"member-name\">Fehmi AYDIN<\/h4><span class=\"member-position\">Information Processing and General Coordination<\/span><div class=\"member-bio\"><\/div><\/div><\/div><div class=\"team-member text-center  member-layout-hover color-scheme-light\"><div class=\"member-image-wrapper\"><div class=\"member-image\"><img decoding=\"async\" class=\"team-member-avatar-image \" src=\"https:\/\/www.kuasteknoloji.com\/wp-content\/uploads\/2021\/02\/mervani.png\" width=\"200\" height=\"280\" alt=\"mervani\" title=\"mervani\" loading=\"lazy\" \/><\/div><\/div><div class=\"member-details\"><h4 class=\"member-name\">Mervani ATA\u015e<\/h4><span class=\"member-position\">Domestic Sales &amp; Marketing<\/span><div class=\"member-bio\"><\/div><\/div><\/div>[\/vc_column][vc_column width=&#8221;1\/5&#8243;]<div class=\"team-member text-center  member-layout-hover color-scheme-light\"><div class=\"member-image-wrapper\"><div class=\"member-image\"><img decoding=\"async\" class=\"team-member-avatar-image \" src=\"https:\/\/www.kuasteknoloji.com\/wp-content\/uploads\/2021\/02\/havva.png\" width=\"200\" height=\"280\" alt=\"havva\" title=\"havva\" loading=\"lazy\" \/><\/div><\/div><div class=\"member-details\"><h4 class=\"member-name\">Havva \u00dcLK\u00dcC\u00dc<\/h4><span class=\"member-position\">Production Chief<\/span><div class=\"member-bio\"><\/div><\/div><\/div><div class=\"team-member text-center  member-layout-hover color-scheme-light\"><div class=\"member-image-wrapper\"><div class=\"member-image\"><img decoding=\"async\" class=\"team-member-avatar-image \" src=\"https:\/\/www.kuasteknoloji.com\/wp-content\/uploads\/2021\/02\/gorkemkondal.png\" width=\"200\" height=\"280\" alt=\"gorkemkondal\" title=\"gorkemkondal\" loading=\"lazy\" \/><\/div><\/div><div class=\"member-details\"><h4 class=\"member-name\">G\u00f6rkem KONDAL<\/h4><span class=\"member-position\">Accounting<\/span><div class=\"member-bio\"><\/div><\/div><\/div>[\/vc_column][\/vc_row][\/vc_section][vc_row][vc_column width=&#8221;1\/2&#8243;][vc_single_image image=&#8221;8665&#8243; img_size=&#8221;large&#8221; onclick=&#8221;link_image&#8221; parallax_scroll=&#8221;no&#8221;][\/vc_column][vc_column width=&#8221;1\/2&#8243;][vc_single_image image=&#8221;8691&#8243; img_size=&#8221;large&#8221; onclick=&#8221;link_image&#8221; parallax_scroll=&#8221;no&#8221;][\/vc_column][\/vc_row]<\/p>\n<\/div>","protected":false},"excerpt":{"rendered":"<p>[vc_row full_width=&#8221;stretch_row&#8221; css=&#8221;.vc_custom_1618574382044{padding-top: 15vh !important;padding-bottom: 18vh !important;background-image: url(https:\/\/www.kuasteknoloji.com\/wp-content\/uploads\/2021\/04\/kuas-sirket-header.jpg?id=9666) !important;background-position: center !important;background-repeat: no-repeat !important;background-size: cover !important;}&#8221; mobile_bg_img_hidden=&#8221;no&#8221; tablet_bg_img_hidden=&#8221;no&#8221; woodmart_parallax=&#8221;0&#8243; woodmart_gradient_switch=&#8221;no&#8221; row_reverse_mobile=&#8221;0&#8243;<\/p>\n","protected":false},"author":1,"featured_media":0,"parent":0,"menu_order":0,"comment_status":"closed","ping_status":"closed","template":"","meta":{"footnotes":""},"_links":{"self":[{"href":"https:\/\/www.kuasteknoloji.com\/en\/wp-json\/wp\/v2\/pages\/10418"}],"collection":[{"href":"https:\/\/www.kuasteknoloji.com\/en\/wp-json\/wp\/v2\/pages"}],"about":[{"href":"https:\/\/www.kuasteknoloji.com\/en\/wp-json\/wp\/v2\/types\/page"}],"author":[{"embeddable":true,"href":"https:\/\/www.kuasteknoloji.com\/en\/wp-json\/wp\/v2\/users\/1"}],"replies":[{"embeddable":true,"href":"https:\/\/www.kuasteknoloji.com\/en\/wp-json\/wp\/v2\/comments?post=10418"}],"version-history":[{"count":0,"href":"https:\/\/www.kuasteknoloji.com\/en\/wp-json\/wp\/v2\/pages\/10418\/revisions"}],"wp:attachment":[{"href":"https:\/\/www.kuasteknoloji.com\/en\/wp-json\/wp\/v2\/media?parent=10418"}],"curies":[{"name":"wp","href":"https:\/\/api.w.org\/{rel}","templated":true}]}}